{"id":29086,"date":"2026-03-12T13:39:52","date_gmt":"2026-03-12T13:39:52","guid":{"rendered":"https:\/\/mutian.store\/?post_type=product&#038;p=29086"},"modified":"2026-03-12T16:40:13","modified_gmt":"2026-03-12T16:40:13","slug":"mutian-mutorali-fcgs-50mg14s","status":"publish","type":"product","link":"https:\/\/mutian.store\/fr\/produit\/mutian-mutorali-fcgs-50mg14s\/","title":{"rendered":"Mutian Mutoral\u00aeI (FCGS) 50mg*14s"},"content":{"rendered":"<ul>\n<li><strong><b>Before placing an order, please consult customer service as we do not accept returns or refunds.<br \/>\n<\/b><\/strong><b><\/b><\/li>\n<li><strong><b>Meet with GMP Standard.<\/b><\/strong>\n<p>Mutoral\u00ae tablets effectively address the multifaceted symptoms associated with feline chronic gingivostomatitis (FCGS), a prevalent and distressing condition in cats. Clinical manifestations encompass salivation, halitosis, grooming difficulties, pain during eating or yawning, irritability, and weight loss. The severity and distribution of inflammation vary, impacting response to treatment. Mutoral\u00ae tablets target oral ulcers, gingival redness, swelling, periodontal hyperplasia, pain, salivation, loss of appetite, and decreased activity associated with FCGS or stomatitis, providing comprehensive relief for affected animals.<\/p>\n<h1><strong><b>Specifications<\/b><\/strong><strong><b>: 5<\/b><\/strong>0mg*14s<\/h1>\n<p><strong><b>Dosage<\/b><\/strong><strong><b>:<\/b><\/strong><\/p>\n<p><strong><b>&#8211; Mutoral\u00ae I at a dose of half a tablet per 1kg body weight twice daily<\/b><\/strong><\/p>\n<p>Mutoral tablets absorption was not affected by food. If no improvement is seen in 2 weeks, review diagnosis and change therapy.\u00a0<strong><b>Consult your veterinarian for help in the diagnosis, treatment and control of FCGS.<\/b><\/strong><\/p>\n<p>&#8211; Steroid, cyclosporine A and other immunosuppressants are not recommended during the administration Mutoral tablets.<\/p>\n<ul>\n<li style=\"list-style-type: none;\">\n<ul>\n<li>In case of doubt reach out to your admin.<u><\/u><\/li>\n<\/ul>\n<\/li>\n<\/ul>\n<p><a href=\"https:\/\/www.facebook.com\/share\/g\/1du3nfkkbz\/?mibextid=k35xfp\"> Feline Stomatitis\/FCGS\/Calicivirus Support<\/a><\/p>\n<p>&nbsp;<\/p>\n<p><strong><b>Expiration date<\/b><\/strong><strong><b>:<\/b><\/strong><\/p>\n<p>24\u00a0months<\/li>\n<\/ul>","protected":false},"excerpt":{"rendered":"<p>Avant de placer une commande, veuillez consulter le service \u00e0 la client\u00e8le que nous n'acceptons pas de retour ou de remboursement. Satisfaire \u00e0 la Norme de GMP.<\/p>","protected":false},"featured_media":29119,"comment_status":"open","ping_status":"closed","template":"","meta":[],"product_brand":[],"product_cat":[23],"product_tag":[],"class_list":{"0":"post-29086","1":"product","2":"type-product","3":"status-publish","4":"has-post-thumbnail","6":"product_cat-mutoral-for-fcgs","8":"first","9":"instock","10":"shipping-taxable","11":"purchasable","12":"product-type-variable"},"_links":{"self":[{"href":"https:\/\/mutian.store\/fr\/wp-json\/wp\/v2\/product\/29086","targetHints":{"allow":["GET"]}}],"collection":[{"href":"https:\/\/mutian.store\/fr\/wp-json\/wp\/v2\/product"}],"about":[{"href":"https:\/\/mutian.store\/fr\/wp-json\/wp\/v2\/types\/product"}],"replies":[{"embeddable":true,"href":"https:\/\/mutian.store\/fr\/wp-json\/wp\/v2\/comments?post=29086"}],"version-history":[{"count":2,"href":"https:\/\/mutian.store\/fr\/wp-json\/wp\/v2\/product\/29086\/revisions"}],"predecessor-version":[{"id":29314,"href":"https:\/\/mutian.store\/fr\/wp-json\/wp\/v2\/product\/29086\/revisions\/29314"}],"wp:featuredmedia":[{"embeddable":true,"href":"https:\/\/mutian.store\/fr\/wp-json\/wp\/v2\/media\/29119"}],"wp:attachment":[{"href":"https:\/\/mutian.store\/fr\/wp-json\/wp\/v2\/media?parent=29086"}],"wp:term":[{"taxonomy":"product_brand","embeddable":true,"href":"https:\/\/mutian.store\/fr\/wp-json\/wp\/v2\/product_brand?post=29086"},{"taxonomy":"product_cat","embeddable":true,"href":"https:\/\/mutian.store\/fr\/wp-json\/wp\/v2\/product_cat?post=29086"},{"taxonomy":"product_tag","embeddable":true,"href":"https:\/\/mutian.store\/fr\/wp-json\/wp\/v2\/product_tag?post=29086"}],"curies":[{"name":"wp","href":"https:\/\/api.w.org\/{rel}","templated":true}]}}