{"id":29097,"date":"2026-03-12T13:39:53","date_gmt":"2026-03-12T13:39:53","guid":{"rendered":"https:\/\/mutian.store\/?post_type=product&#038;p=29097"},"modified":"2026-03-25T03:10:17","modified_gmt":"2026-03-25T03:10:17","slug":"mutian-petneyii-dog-%ef%bc%88ckd%ef%bc%8910mg28s","status":"publish","type":"product","link":"https:\/\/mutian.store\/fr\/produit\/mutian-petneyii-dog-%ef%bc%88ckd%ef%bc%8910mg28s\/","title":{"rendered":"Mutian Petney\u00aeII CHIEN \uff08CKD\uff0910mg*28s"},"content":{"rendered":"<p data-mce-fragment=\"1\"><strong data-mce-fragment=\"1\"><b data-mce-fragment=\"1\">Before placing an order, please consult customer service as we do not accept returns or refunds.<br \/>\n<\/b><\/strong><\/p>\n<p data-mce-fragment=\"1\"><strong data-mce-fragment=\"1\"><b data-mce-fragment=\"1\">Meet with GMP Standard.<\/b><\/strong><\/p>\n<p data-mce-fragment=\"1\">Petney\u00ae is indicated for feline and canines patients diagnosed with International Renal Interest Society (IRIS) stages 2 to 4 chronic kidney disease (CKD). Its purpose is to ameliorate clinical symptoms, safeguard residual renal function, and mitigate the potential for sustained deterioration in renal function, thereby diminishing the likelihood of progression to end-stage kidney disease (ESKD).<\/p>\n<h1 data-mce-fragment=\"1\"><strong data-mce-fragment=\"1\"><b data-mce-fragment=\"1\">Specifications<\/b><\/strong><strong data-mce-fragment=\"1\"><b data-mce-fragment=\"1\">: 10<\/b><\/strong>mg*28s<\/h1>\n<p data-mce-fragment=\"1\"><strong data-mce-fragment=\"1\"><b data-mce-fragment=\"1\">Active ingredient:<span data-mce-fragment=\"1\">\u00a0<\/span><\/b><\/strong>AC1901<\/p>\n<p data-mce-fragment=\"1\"><strong data-mce-fragment=\"1\"><b data-mce-fragment=\"1\">Molecular Formula:<span data-mce-fragment=\"1\">\u00a0<\/span><\/b><\/strong>C19H17N3O<\/p>\n<p data-mce-fragment=\"1\"><strong data-mce-fragment=\"1\"><b data-mce-fragment=\"1\">Dosage<\/b><\/strong><strong data-mce-fragment=\"1\"><b data-mce-fragment=\"1\">:<\/b><\/strong><\/p>\n<ul data-mce-fragment=\"1\">\n<li data-mce-fragment=\"1\">Dog\u00a0\u00a0take 1 pill per 10kg body weight once daily<\/li>\n<\/ul>\n<p data-mce-fragment=\"1\">CKD is a common progressive and irreversible disease in cats\u00a0&amp; dogs. Consult your veterinarian for help in the diagnosis, treatment and control of CKD. Give the exact amount prescribed and only as often as directed. Do not skip doses or stop giving the medication without consulting your veterinarian.<span data-mce-fragment=\"1\">\u00a0<\/span><span data-mce-fragment=\"1\">Petney\u00a0<\/span>\u00a0is not a cure for CKD. Cats &amp; Dogs will needs\u00a0the drug for the rest of their lives.<\/p>\n<p data-mce-fragment=\"1\">In case of doubt reach out to your admin.<\/p>\n<p>&nbsp;<\/p>\n<p data-mce-fragment=\"1\">\n<p>&nbsp;<\/p>\n<p data-mce-fragment=\"1\"><strong data-mce-fragment=\"1\"><b data-mce-fragment=\"1\">Expiration date<\/b><\/strong><strong data-mce-fragment=\"1\"><b data-mce-fragment=\"1\">:<\/b><\/strong><\/p>\n<p data-mce-fragment=\"1\">24\u00a0months<\/p>","protected":false},"excerpt":{"rendered":"<p>Avant de placer une commande, veuillez consulter le service \u00e0 la client\u00e8le que nous n'acceptons pas de retour ou de remboursement. Satisfaire \u00e0 la Norme de GMP.<\/p>","protected":false},"featured_media":29139,"comment_status":"open","ping_status":"closed","template":"","meta":[],"product_brand":[],"product_cat":[75],"product_tag":[],"class_list":{"0":"post-29097","1":"product","2":"type-product","3":"status-publish","4":"has-post-thumbnail","6":"product_cat-petney-for-ckd","8":"first","9":"instock","10":"shipping-taxable","11":"purchasable","12":"product-type-variable"},"_links":{"self":[{"href":"https:\/\/mutian.store\/fr\/wp-json\/wp\/v2\/product\/29097","targetHints":{"allow":["GET"]}}],"collection":[{"href":"https:\/\/mutian.store\/fr\/wp-json\/wp\/v2\/product"}],"about":[{"href":"https:\/\/mutian.store\/fr\/wp-json\/wp\/v2\/types\/product"}],"replies":[{"embeddable":true,"href":"https:\/\/mutian.store\/fr\/wp-json\/wp\/v2\/comments?post=29097"}],"version-history":[{"count":2,"href":"https:\/\/mutian.store\/fr\/wp-json\/wp\/v2\/product\/29097\/revisions"}],"predecessor-version":[{"id":29307,"href":"https:\/\/mutian.store\/fr\/wp-json\/wp\/v2\/product\/29097\/revisions\/29307"}],"wp:featuredmedia":[{"embeddable":true,"href":"https:\/\/mutian.store\/fr\/wp-json\/wp\/v2\/media\/29139"}],"wp:attachment":[{"href":"https:\/\/mutian.store\/fr\/wp-json\/wp\/v2\/media?parent=29097"}],"wp:term":[{"taxonomy":"product_brand","embeddable":true,"href":"https:\/\/mutian.store\/fr\/wp-json\/wp\/v2\/product_brand?post=29097"},{"taxonomy":"product_cat","embeddable":true,"href":"https:\/\/mutian.store\/fr\/wp-json\/wp\/v2\/product_cat?post=29097"},{"taxonomy":"product_tag","embeddable":true,"href":"https:\/\/mutian.store\/fr\/wp-json\/wp\/v2\/product_tag?post=29097"}],"curies":[{"name":"wp","href":"https:\/\/api.w.org\/{rel}","templated":true}]}}