{"id":29187,"date":"2026-03-12T15:08:33","date_gmt":"2026-03-12T15:08:33","guid":{"rendered":"https:\/\/mutian.store\/?post_type=product&#038;p=29187"},"modified":"2026-03-12T16:39:35","modified_gmt":"2026-03-12T16:39:35","slug":"mutian-xraphconn-ii-injection-120mg-6ml","status":"publish","type":"product","link":"https:\/\/mutian.store\/fr\/produit\/mutian-xraphconn-ii-injection-120mg-6ml\/","title":{"rendered":"Mutian Xraphconn\u00ae II d'Injection (120 mg\/6 ml)"},"content":{"rendered":"<h2><strong><b><span style=\"color: #ff00ff;\">Product upgrade: more quantity<\/span><br \/>\n<\/b><\/strong><\/h2>\n<ul>\n<li><strong><b>Before placing an order, please consult customer service as we do not accept returns or refunds.<br \/>\n<\/b><\/strong><b><\/b><\/li>\n<li><strong><b>ATTENTION\uff01<\/b><\/strong><strong><span style=\"color: #ff2a00;\">Please consult customer service before purchasing to ensure that you have understood the correct medication guidance.<\/span><\/strong><\/li>\n<\/ul>\n<p><strong><b>Meet with GMP Standard.<\/b><\/strong><\/p>\n<p>Xraphconn\u00aeII injection are used to treat cats suffering from various forms of feline infectious peritonitis (FIP).<\/p>\n<h1><strong><b>Specifications<\/b><\/strong><strong><b>: 6<\/b><\/strong>ml\/120mg<\/h1>\n<p><strong><b>Active ingredient: <\/b><\/strong>MT0901( PATENT US10988503B1)<\/p>\n<p><strong><b>Dosage<\/b><\/strong><strong><b>:<\/b><\/strong><\/p>\n<ul>\n<li>1 injection per day, 7 days per week.The daily dose for Xraphconn\u00aeis <strong>0.3ml\/kg(2.2lb) \u00a0of body weight\u00a0<\/strong><\/li>\n<\/ul>\n<ul>\n<li>Dosage adjustment: Symptoms of FIP, course of disease and denouement are varied due to the age, health condition of the cats. The veterinarian should assess the clinical condition of the cat carefully. 1.5 times of dosage is recommended if uveitis occurs. 2 times of dosage is recommended if neurosis occurs.<\/li>\n<li>Duration of treatment: 12 weeks is recommended as a course of treatment.16 weeks is recommended as a uveitis occurs\u00a0and neurosis occurs.<\/li>\n<\/ul>\n<p><strong><b>Expiration date<\/b><\/strong><strong><b>:<\/b><\/strong><\/p>\n<p>24\u00a0months<\/p>","protected":false},"excerpt":{"rendered":"<p>Mise \u00e0 niveau du produit: plus la quantit\u00e9 Avant de placer une commande, veuillez consulter le service \u00e0 la client\u00e8le que nous n'acceptons pas de retour ou de remboursement.<\/p>","protected":false},"featured_media":29207,"comment_status":"open","ping_status":"closed","template":"","meta":[],"product_brand":[],"product_cat":[76],"product_tag":[],"class_list":{"0":"post-29187","1":"product","2":"type-product","3":"status-publish","4":"has-post-thumbnail","6":"product_cat-xraphconn-for-fip","8":"first","9":"instock","10":"sale","11":"shipping-taxable","12":"purchasable","13":"product-type-variable"},"_links":{"self":[{"href":"https:\/\/mutian.store\/fr\/wp-json\/wp\/v2\/product\/29187","targetHints":{"allow":["GET"]}}],"collection":[{"href":"https:\/\/mutian.store\/fr\/wp-json\/wp\/v2\/product"}],"about":[{"href":"https:\/\/mutian.store\/fr\/wp-json\/wp\/v2\/types\/product"}],"replies":[{"embeddable":true,"href":"https:\/\/mutian.store\/fr\/wp-json\/wp\/v2\/comments?post=29187"}],"version-history":[{"count":3,"href":"https:\/\/mutian.store\/fr\/wp-json\/wp\/v2\/product\/29187\/revisions"}],"predecessor-version":[{"id":29305,"href":"https:\/\/mutian.store\/fr\/wp-json\/wp\/v2\/product\/29187\/revisions\/29305"}],"wp:featuredmedia":[{"embeddable":true,"href":"https:\/\/mutian.store\/fr\/wp-json\/wp\/v2\/media\/29207"}],"wp:attachment":[{"href":"https:\/\/mutian.store\/fr\/wp-json\/wp\/v2\/media?parent=29187"}],"wp:term":[{"taxonomy":"product_brand","embeddable":true,"href":"https:\/\/mutian.store\/fr\/wp-json\/wp\/v2\/product_brand?post=29187"},{"taxonomy":"product_cat","embeddable":true,"href":"https:\/\/mutian.store\/fr\/wp-json\/wp\/v2\/product_cat?post=29187"},{"taxonomy":"product_tag","embeddable":true,"href":"https:\/\/mutian.store\/fr\/wp-json\/wp\/v2\/product_tag?post=29187"}],"curies":[{"name":"wp","href":"https:\/\/api.w.org\/{rel}","templated":true}]}}