{"id":29090,"date":"2026-03-12T13:39:52","date_gmt":"2026-03-12T13:39:52","guid":{"rendered":"https:\/\/mutian.store\/?post_type=product&#038;p=29090"},"modified":"2026-03-25T03:08:45","modified_gmt":"2026-03-25T03:08:45","slug":"mutian-aviaton-fiv-felv-10mg28s","status":"publish","type":"product","link":"https:\/\/mutian.store\/pt\/produto\/mutian-aviaton-fiv-felv-10mg28s\/","title":{"rendered":"Mutian Aviaton\u00ae (FIV &amp; FeLV) 10mg*28s"},"content":{"rendered":"<ul data-mce-fragment=\"1\">\n<li data-mce-fragment=\"1\"><strong><b>Before placing an order, please consult customer service as we do not accept returns or refunds.<br \/>\n<\/b><\/strong><b><\/b><\/li>\n<li data-mce-fragment=\"1\"><strong><b>ATTENTION\uff01<\/b><\/strong>\n<p><strong><span style=\"color: rgb(255, 42, 0);\">Please consult customer service before purchasing to ensure that you have understood the correct medication guidance.<\/span><\/strong><\/p>\n<p><strong><b>Meet with GMP Standard.<\/b><\/strong><\/p>\n<div>Aviaton\u00ae is an integrase inhibitor, inhibits FIV and FeLV integrase by binding to the integrase-active site and blocking the strand\u00a0transfer step of DNA integration.<\/div>\n<div>\n<div>Aviaton\u00ae\u00a0is used to treat feline immunodeficiency virus (FIV) and feline leukemia virus (FeLV) infection. Bictegravir is an antiviral medicine that prevents FIV and\/or FeLV from multiplying in cat&#8217;s body,<span style=\"font-size: 0.875rem;\">thus overcoming the progressive infection.<\/span><\/div>\n<\/div>\n<div><\/div>\n<h1><strong><b>Specifications<\/b><\/strong><strong><b>: 1<\/b><\/strong>0mg*28s<\/h1>\n<p><strong><b>Dosage<\/b><\/strong><strong><b>:<\/b><\/strong><\/p>\n<ul>\n<li><strong><b>Oral: Administer with or without food. Administer 2 hours before or 6\u00a0 hours after aluminum or magnesium containing antacids. Administer\u00a0 with food with concomitant calcium or iron-containing supplements or antacids; coadministration with or 2 hours after calcium or iron containing supplements or antacids is not recommended under fasting conditions.<br \/>\n<\/b><\/strong><\/li>\n<li><strong><b>Aviaton is not a cure for FIV and\/or FeLV. Cats will need the drug for the rest of their lives.<\/b><\/strong><\/li>\n<\/ul>\n<p>&nbsp;<\/p>\n<p>&nbsp;<\/p>\n<p><strong><b>Expiration date<\/b><\/strong><strong><b>:<\/b><\/strong><\/p>\n<p>24\u00a0months<\/li>\n<\/ul>","protected":false},"excerpt":{"rendered":"<p>Antes de colocar uma ordem, por favor, consulte o atendimento ao cliente como n\u00e3o podemos aceitar devolu\u00e7\u00f5es ou reembolsos. ATEN\u00c7\u00c3O\uff01 Por favor, consulte a clientes<\/p>","protected":false},"featured_media":29124,"comment_status":"open","ping_status":"closed","template":"","meta":[],"product_brand":[],"product_cat":[77],"product_tag":[],"class_list":{"0":"post-29090","1":"product","2":"type-product","3":"status-publish","4":"has-post-thumbnail","6":"product_cat-aviaton-for-fivfelv","8":"first","9":"instock","10":"shipping-taxable","11":"purchasable","12":"product-type-variable"},"_links":{"self":[{"href":"https:\/\/mutian.store\/pt\/wp-json\/wp\/v2\/product\/29090","targetHints":{"allow":["GET"]}}],"collection":[{"href":"https:\/\/mutian.store\/pt\/wp-json\/wp\/v2\/product"}],"about":[{"href":"https:\/\/mutian.store\/pt\/wp-json\/wp\/v2\/types\/product"}],"replies":[{"embeddable":true,"href":"https:\/\/mutian.store\/pt\/wp-json\/wp\/v2\/comments?post=29090"}],"version-history":[{"count":2,"href":"https:\/\/mutian.store\/pt\/wp-json\/wp\/v2\/product\/29090\/revisions"}],"predecessor-version":[{"id":29315,"href":"https:\/\/mutian.store\/pt\/wp-json\/wp\/v2\/product\/29090\/revisions\/29315"}],"wp:featuredmedia":[{"embeddable":true,"href":"https:\/\/mutian.store\/pt\/wp-json\/wp\/v2\/media\/29124"}],"wp:attachment":[{"href":"https:\/\/mutian.store\/pt\/wp-json\/wp\/v2\/media?parent=29090"}],"wp:term":[{"taxonomy":"product_brand","embeddable":true,"href":"https:\/\/mutian.store\/pt\/wp-json\/wp\/v2\/product_brand?post=29090"},{"taxonomy":"product_cat","embeddable":true,"href":"https:\/\/mutian.store\/pt\/wp-json\/wp\/v2\/product_cat?post=29090"},{"taxonomy":"product_tag","embeddable":true,"href":"https:\/\/mutian.store\/pt\/wp-json\/wp\/v2\/product_tag?post=29090"}],"curies":[{"name":"wp","href":"https:\/\/api.w.org\/{rel}","templated":true}]}}