{"id":29101,"date":"2026-03-12T13:39:53","date_gmt":"2026-03-12T13:39:53","guid":{"rendered":"https:\/\/mutian.store\/?post_type=product&#038;p=29101"},"modified":"2026-03-12T16:39:52","modified_gmt":"2026-03-12T16:39:52","slug":"mutian-xraphconn%ef%bc%88fip%ef%bc%8912-5mg14s","status":"publish","type":"product","link":"https:\/\/mutian.store\/pt\/produto\/mutian-xraphconn%ef%bc%88fip%ef%bc%8912-5mg14s\/","title":{"rendered":"Mutian Xraphconn\u00ae\uff08FIP) e 12,5 mg*14s"},"content":{"rendered":"<ul>\n<li><strong><b>Before placing an order, please consult customer service as we do not accept returns or refunds.<br \/>\n<\/b><\/strong><b><\/b><b><\/b><\/li>\n<\/ul>\n<ul>\n<li>ANNOUNCEMENT:\n<p>There is an updated packaging. They are exactly the same. However it is displaying the actual active ingredients in mg instead of the whole pill in mg.<\/p>\n<p>100mg pill = 12.5 mg active ingredient<br \/>\n200mg pill = 25mg active ingredient<br \/>\n400mg pill = 50mg active ingredient<\/li>\n<\/ul>\n<ul>\n<li><strong><b>Meet with GMP Standard.<\/b><\/strong>\n<p>Xraphconn \u00ae tablets are used to treat cats suffering \u00a0from various forms of feline infectious peritonitis (FIP).<\/p>\n<h1><strong><b>Specifications<\/b><\/strong><strong><b>:\u00a0<\/b><\/strong>12.5mg*14s<\/h1>\n<p><strong><b>Active ingredient:\u00a0<\/b><\/strong>MT0901( PATENT US10988503B1)<\/p>\n<p><strong><b>Dosage<\/b><\/strong><strong><b>:<\/b><\/strong><\/p>\n<ul>\n<li>Choose the dosage according to the cat\u2019s body weight: The daily dose for Xraphconn is 12.5mg\/kg of body weight. It is recommended to take Xraphconn tablets on an empty stomach . If vomiting occurs after 30 mins from dosage, another dose is not needed.<\/li>\n<li>Dosage \u00a0adjustment: \u00a0Symptoms \u00a0of \u00a0FIP, \u00a0disease \u00a0progress and denouement are varied due to the age and health condition of the cats. The veterinarian should assess the clinical con- dition of the cat carefully. 1.5 times the dosage is recomm- ended if uveitis or ocular symptoms are present. 2 times the dosage is recommended if neurosis occurs .<\/li>\n<li>Duration of treatment: 12 weeks is recommended as a course of treatment.16 weeks is recommended as a uveitis occursand neurosis occurs.<\/li>\n<\/ul>\n<ul>\n<li>In case of doubt reach out to your admin.<u><\/u>&nbsp;<\/li>\n<\/ul>\n<p><strong><b>Expiration date<\/b><\/strong><strong><b>:<\/b><\/strong><\/p>\n<p>36 months<\/li>\n<\/ul>","protected":false},"excerpt":{"rendered":"<p>Antes de colocar uma ordem, por favor, consulte o atendimento ao cliente como n\u00e3o podemos aceitar devolu\u00e7\u00f5es ou reembolsos. AN\u00daNCIO: H\u00e1 um<\/p>","protected":false},"featured_media":29144,"comment_status":"open","ping_status":"closed","template":"","meta":[],"product_brand":[],"product_cat":[76],"product_tag":[],"class_list":{"0":"post-29101","1":"product","2":"type-product","3":"status-publish","4":"has-post-thumbnail","6":"product_cat-xraphconn-for-fip","8":"first","9":"instock","10":"shipping-taxable","11":"purchasable","12":"product-type-variable"},"_links":{"self":[{"href":"https:\/\/mutian.store\/pt\/wp-json\/wp\/v2\/product\/29101","targetHints":{"allow":["GET"]}}],"collection":[{"href":"https:\/\/mutian.store\/pt\/wp-json\/wp\/v2\/product"}],"about":[{"href":"https:\/\/mutian.store\/pt\/wp-json\/wp\/v2\/types\/product"}],"replies":[{"embeddable":true,"href":"https:\/\/mutian.store\/pt\/wp-json\/wp\/v2\/comments?post=29101"}],"version-history":[{"count":3,"href":"https:\/\/mutian.store\/pt\/wp-json\/wp\/v2\/product\/29101\/revisions"}],"predecessor-version":[{"id":29309,"href":"https:\/\/mutian.store\/pt\/wp-json\/wp\/v2\/product\/29101\/revisions\/29309"}],"wp:featuredmedia":[{"embeddable":true,"href":"https:\/\/mutian.store\/pt\/wp-json\/wp\/v2\/media\/29144"}],"wp:attachment":[{"href":"https:\/\/mutian.store\/pt\/wp-json\/wp\/v2\/media?parent=29101"}],"wp:term":[{"taxonomy":"product_brand","embeddable":true,"href":"https:\/\/mutian.store\/pt\/wp-json\/wp\/v2\/product_brand?post=29101"},{"taxonomy":"product_cat","embeddable":true,"href":"https:\/\/mutian.store\/pt\/wp-json\/wp\/v2\/product_cat?post=29101"},{"taxonomy":"product_tag","embeddable":true,"href":"https:\/\/mutian.store\/pt\/wp-json\/wp\/v2\/product_tag?post=29101"}],"curies":[{"name":"wp","href":"https:\/\/api.w.org\/{rel}","templated":true}]}}