{"id":29204,"date":"2026-03-12T15:08:34","date_gmt":"2026-03-12T15:08:34","guid":{"rendered":"https:\/\/mutian.store\/?post_type=product&#038;p=29204"},"modified":"2026-03-12T16:39:27","modified_gmt":"2026-03-12T16:39:27","slug":"mutian-capromo-hcm-1mg28s","status":"publish","type":"product","link":"https:\/\/mutian.store\/pt\/produto\/mutian-capromo-hcm-1mg28s\/","title":{"rendered":"Mutian Capromo\u00ae (HCM) 1mg*28s"},"content":{"rendered":"<ul>\n<li><strong><b>Before placing an order, please consult customer service as we do not accept returns or refunds.<br \/>\n<\/b><\/strong><b><\/b><b><\/b><strong><b>ATTENTION\uff01<\/b><\/strong><\/p>\n<p><strong><span style=\"color: #ff2a00;\">Please consult customer service before purchasing to ensure that you have understood the correct medication guidance.<\/span><\/strong><\/p>\n<p><strong><b>Meet with GMP Standard.<\/b><\/strong><\/p>\n<div>Capromo\u00ae(<span style=\"font-family: Times New Roman;\">mavacamten)<\/span>\u00a0is a reversible allosteric inhibitor of cardiac myosin, used to treat adult animals with obstructive hypertrophic cardiomyopathy (HCM) of New York Heart Association (NYHA) Class II-III (B-C), to improve function and symptoms.<\/div>\n<div><\/div>\n<div><\/div>\n<h1><strong><b>Specifications<\/b><\/strong><strong><b>: 1<\/b><\/strong>mg*28s<\/h1>\n<p><strong><b>Dosage<\/b><\/strong><strong><b>:<\/b><\/strong><\/p>\n<ul>\n<li>\u00a0Prohibited for pregnant animals.<\/li>\n<li>\u00a0Not recommended for patients with left ventricular ejection fraction (LVEF) &lt;55% to use or increase mavacamten dosage.<\/li>\n<li>Suggested starting dose is 0.5mg, once daily (half a tablet daily).<br \/>\nFor cats or dogs weighing less than 2.5 kg, the starting dose is 0.1mg<br \/>\nper kilogram of body weight daily. During medication, use ACEI (e.g.,<br \/>\nbenazepril) and, if necessary, diuretics (oral at normal dosage for<br \/>\ncats). No conflict with anticoagulant drugs; can be used in conjunction.<\/li>\n<\/ul>\n<p>&nbsp;<\/p>\n<p><strong><b>Expiration date<\/b><\/strong><strong><b>:\u00a0 <\/b><\/strong>24\u00a0months<\/p>\n<div><span style=\"color: #ff2a00;\">New users will receive a free bottle of Vescap, which can be taken with Capromo for enhanced effects, effectively providing myocardial nutrition for cats with HCM.<\/span><\/div>\n<div style=\"padding-left: 40px;\">\u00a0 \u00a0 \u00a0 \u00a0 \u00a0 \u00a0 \u00a0 \u00a0 \u00a0 \u00a0 \u00a0 \u00a0 \u00a0 \u00a0 \u00a0 \u00a0 \u00a0 \u00a0 \u00a0 \u00a0 <img loading=\"lazy\" decoding=\"async\" src=\"https:\/\/cdn.shopify.com\/s\/files\/1\/0625\/3959\/5972\/files\/20250104123430_b1bc53c3-2f1b-40a3-b8b1-462caa811333.png?v=1735965769\" alt=\"\" width=\"360\" height=\"270\" \/><\/div>\n<div><span style=\"color: #ff2a00;\">Vescap is an ethyl ester of the omega-3 fatty acid eicosapentaenoic acid (EPA). EPA reduces hepatic very low-density lipoprotein triglycerides (VLDL-TG) synthesis and\/or secretion and enhances TG clearance from circulating VLDL particles. Potential mechanisms of action include increased \u03b2-oxidation; inhibition of acyl-CoA:1,2-diacylglycerol acyltransferase (DGAT); decreased lipogenesis in the liver; and increased plasma lipoprotein lipase activity.<\/span><\/div>\n<div><\/div>\n<div><span style=\"color: #ff2a00;\">Dosage &amp; administration: The daily dose of \u00a0Vescap 1 capsule for cat.<\/span><\/div>\n<div><span style=\"color: #ff2a00;\">Composition:Each Soft Gelatin Capsule contains Icosapent Ethyl INN 1 g<\/span><\/div>\n<\/li>\n<\/ul>","protected":false},"excerpt":{"rendered":"<p>Antes de colocar uma ordem, por favor, consulte o atendimento ao cliente como n\u00e3o podemos aceitar devolu\u00e7\u00f5es ou reembolsos. ATEN\u00c7\u00c3O\uff01 Por favor, consulte a clientes<\/p>","protected":false},"featured_media":29227,"comment_status":"open","ping_status":"closed","template":"","meta":[],"product_brand":[],"product_cat":[80],"product_tag":[],"class_list":{"0":"post-29204","1":"product","2":"type-product","3":"status-publish","4":"has-post-thumbnail","6":"product_cat-capromo-for-hcm","8":"first","9":"instock","10":"shipping-taxable","11":"purchasable","12":"product-type-variable"},"_links":{"self":[{"href":"https:\/\/mutian.store\/pt\/wp-json\/wp\/v2\/product\/29204","targetHints":{"allow":["GET"]}}],"collection":[{"href":"https:\/\/mutian.store\/pt\/wp-json\/wp\/v2\/product"}],"about":[{"href":"https:\/\/mutian.store\/pt\/wp-json\/wp\/v2\/types\/product"}],"replies":[{"embeddable":true,"href":"https:\/\/mutian.store\/pt\/wp-json\/wp\/v2\/comments?post=29204"}],"version-history":[{"count":2,"href":"https:\/\/mutian.store\/pt\/wp-json\/wp\/v2\/product\/29204\/revisions"}],"predecessor-version":[{"id":29277,"href":"https:\/\/mutian.store\/pt\/wp-json\/wp\/v2\/product\/29204\/revisions\/29277"}],"wp:featuredmedia":[{"embeddable":true,"href":"https:\/\/mutian.store\/pt\/wp-json\/wp\/v2\/media\/29227"}],"wp:attachment":[{"href":"https:\/\/mutian.store\/pt\/wp-json\/wp\/v2\/media?parent=29204"}],"wp:term":[{"taxonomy":"product_brand","embeddable":true,"href":"https:\/\/mutian.store\/pt\/wp-json\/wp\/v2\/product_brand?post=29204"},{"taxonomy":"product_cat","embeddable":true,"href":"https:\/\/mutian.store\/pt\/wp-json\/wp\/v2\/product_cat?post=29204"},{"taxonomy":"product_tag","embeddable":true,"href":"https:\/\/mutian.store\/pt\/wp-json\/wp\/v2\/product_tag?post=29204"}],"curies":[{"name":"wp","href":"https:\/\/api.w.org\/{rel}","templated":true}]}}